{"id":2,"date":"2011-04-28T09:28:12","date_gmt":"2011-04-28T09:28:12","guid":{"rendered":"http:\/\/www.acs-ami.com\/fr\/blog\/?page_id=2"},"modified":"2020-10-23T17:20:23","modified_gmt":"2020-10-23T15:20:23","slug":"a-propos","status":"publish","type":"page","link":"https:\/\/www.acs-ami.com\/fr\/blog\/a-propos\/","title":{"rendered":"ACS\u00a0: sp\u00e9cialiste de l&rsquo;assurance voyage &#038; expatriation"},"content":{"rendered":"<h2><img decoding=\"async\" class=\"alignnone wp-image-8954 size-full\" src=\"https:\/\/www.acs-ami.com\/fr\/blog\/wp-content\/uploads\/2020\/10\/85032779_3574849732585580_6231094344938422272_o-e1603461378860.jpg\" alt=\"\" width=\"800\" height=\"296\" \/>Qui sommes nous\u00a0 ?<\/h2>\n<p>ACS est le partenaire de tous ceux qui se d\u00e9placent \u00e0 travers le monde !<\/p>\n<p>Sp\u00e9cialiste de la mobilit\u00e9 internationale depuis plus de 40 ans, ACS accompagne au plus pr\u00e8s voyageurs et expatri\u00e9s aux 4 coins du monde, quel que soit le type de d\u00e9placement.<\/p>\n<p>Nous proposons des solutions d\u2019assurance sant\u00e9 et d\u2019assistance adapt\u00e9es, en gardant un excellent rapport qualit\u00e9-prix, afin que chacun puisse se d\u00e9placer \u00e0 travers le monde en toute s\u00e9r\u00e9nit\u00e9 et s\u00e9curit\u00e9. Notre \u00e9quipe \u00e0 taille humaine, compos\u00e9e de professionnels multiculturels passionn\u00e9s, est enti\u00e8rement d\u00e9di\u00e9e \u00e0 ses assur\u00e9s. Nous accompagnons chacun avec r\u00e9activit\u00e9 et honn\u00eatet\u00e9 dans la construction de son projet de vie pour trouver la solution adapt\u00e9e \u00e0 ses besoins.<\/p>\n<p>Vacanciers, baroudeurs, \u00e9tudiants, tourdumondistes, professionnels ou expatri\u00e9s : allez-y, on vous couvre !<\/p>\n<h2>Des \u00e9tudiants aux diplomates<\/h2>\n<p>A l&rsquo;origine, ACS proposait ses garanties aux \u00e9tudiants \u00e9trangers qui poursuivaient leurs \u00e9tudes en France. Celles-ci ont ensuite \u00e9t\u00e9 compl\u00e9t\u00e9es par des assurances destin\u00e9es aux \u00e9tudiants fran\u00e7ais qui partent \u00e0 l&rsquo;\u00e9tranger ; puis la gamme des activit\u00e9s s&rsquo;est \u00e9tendue aux stagiaires et chercheurs internationaux, aux diplomates, et elle s&rsquo;est g\u00e9n\u00e9ralis\u00e9e \u00e0 toutes les personnes voyageant ou r\u00e9sidant en dehors de son pays de r\u00e9sidence habituelle.<\/p>\n<p>En 2002 le d\u00e9veloppement d&rsquo;ACS a \u00e9t\u00e9 compl\u00e9t\u00e9 par le rachat du cabinet Holder, sp\u00e9cialis\u00e9 dans l&rsquo;assurance des diplomates et des fonctionnaires internationaux .<\/p>\n<h2>Du voyageur \u00e0 l&rsquo;expatri\u00e9<\/h2>\n<p>Les solutions propos\u00e9es s&rsquo;adressent \u00e0 diff\u00e9rents types de personnes :<\/p>\n<ul>\n<li>Les voyageurs qui se d\u00e9placent pour des vacances, voyages d&rsquo;\u00e9tudes, ou d&rsquo;affaires, mais aussi les \u00e9tudiants, stagiaires, chercheurs.<\/li>\n<li>Les expatri\u00e9s nationaux et internationaux qui s\u00e9journent une ou plusieurs ann\u00e9e \u00e0 l&rsquo;\u00e9tranger<\/li>\n<li>Les diplomates et fonctionnaires internationaux en mission<\/li>\n<\/ul>\n<p>Les garanties sont souscrites soit \u00e0 titre individuel, soit sous forme de groupe, par l&rsquo;interm\u00e9diaire de soci\u00e9t\u00e9s, \u00e9coles, ambassades, ou organismes internationaux.<\/p>\n<h2>Une sp\u00e9cialisation au service de la mobilit\u00e9<\/h2>\n<p>ACS est aujourd&rsquo;hui compos\u00e9e de 2 d\u00e9partements principaux\u00a0:<\/p>\n<ul>\n<li><a href=\"http:\/\/www.assistance-etudiants.com\/\">Assistance Etudiants<\/a> qui con\u00e7oit et g\u00e8re des contrats d&rsquo;assurance pour le compte des \u00e9tudiants fran\u00e7ais et \u00e9trangers.<\/li>\n<li>A M I qui con\u00e7oit et g\u00e8re des contrats d&rsquo;<a href=\"https:\/\/www.acs-ami.com\/fr\/assurance-voyage\/\">assurance voyage<\/a> et des garanties de protection sociale pour les personnes qui r\u00e9sident en dehors de leur pays d&rsquo;origine.<\/li>\n<\/ul>\n<h2>Une gestion efficace<\/h2>\n<p>ACS a sp\u00e9cialement s\u00e9lectionn\u00e9 les garanties qui composent ses programmes d&rsquo;assurance, et elle les fait \u00e9voluer dans le temps en fonction de son exp\u00e9rience quotidienne du terrain.<\/p>\n<p>Gr\u00e2ce aux larges d\u00e9l\u00e9gations accord\u00e9es par les compagnies, ACS g\u00e8re en direct la souscription des contrats et le remboursement des frais. Cela procure r\u00e9activit\u00e9 et efficacit\u00e9 aux solutions apport\u00e9es, et permet une gestion individuelle de chaque client.<\/p>\n<h2>Une gamme compl\u00e8te de garanties<\/h2>\n<p>Chaque contrat poss\u00e8de ses garanties propres. A titre d&rsquo;exemple voici celles dont peuvent b\u00e9n\u00e9ficier les expatri\u00e9s. Pour la plupart elles peuvent \u00eatre souscrites individuellement\u00a0:<\/p>\n<ul>\n<li>Frais m\u00e9dicaux : ils sont garantis aux frais r\u00e9els ou en fonction du tarif de la S\u00e9curit\u00e9 sociale. Les remboursements interviennent au premier euro ou en compl\u00e9ment d&rsquo;une couverture sociale de base. Les hospitalisations sont prises en charge directement de mani\u00e8re \u00e0 \u00e9viter \u00e0 l&rsquo;assur\u00e9 une importante avance de fonds. La demande se fait aupr\u00e8s de la plateforme d&rsquo;assistance, o\u00f9 une \u00e9quipe multilingue est \u00e0 votre \u00e9coute 24 heures sur 24 et 365 jours par an.<\/li>\n<li>Diff\u00e9rentes garanties d&rsquo;assistance dont le rapatriement<\/li>\n<li>Assurance D\u00e9c\u00e8s<\/li>\n<li>Rente d&rsquo;invalidit\u00e9<\/li>\n<li>Indemnit\u00e9s journali\u00e8res en cas d&rsquo;arr\u00eat de travail cons\u00e9cutif \u00e0 une maladie ou un accident<\/li>\n<li>Assurance responsabilit\u00e9 civile vie priv\u00e9e<\/li>\n<\/ul>\n<p>Pour les contrats groupes des solutions sur mesure sont propos\u00e9es, et des garanties personnalis\u00e9es peuvent \u00eatre ajout\u00e9es en fonction des besoins sp\u00e9cifiques de chaque client.<\/p>\n<p>En compl\u00e9ment de ces diff\u00e9rentes garanties ACS propose \u00e9galement d&rsquo;autres contrats d&rsquo;assurance tels que l&rsquo;Automobile, et la Multirisques Habitation.<\/p>\n<h2>Des partenaires reconnus<\/h2>\n<p>Allianz, MUTUAIDE ASSISTANCE, MGEN, Axa, la CFE &#8230;\u00a0<\/p>\n<h2>Des canaux de distribution diversifi\u00e9s<\/h2>\n<p>La souscription est r\u00e9alis\u00e9e \u00e0 partir de 3 canaux diff\u00e9rents\u00a0:<\/p>\n<ul>\n<li>\u00e0 partir du si\u00e8ge o\u00f9 sont \u00e9tudi\u00e9s en particulier tous les contrats groupes, afin de proposer des solutions sur mesure,<\/li>\n<li>par l&rsquo;interm\u00e9diaire du site internet qui apporte un nombre de souscriptions en constante augmentation,<\/li>\n<li>et enfin par l&rsquo;interm\u00e9diaire de courtiers nationaux et internationaux, qui proposent ces garanties \u00e0 leurs compatriotes.<\/li>\n<\/ul>\n<p>&nbsp;<\/p>\n<p>Site internet d&rsquo;ACS : <a href=\"http:\/\/www.acs-ami.com\">www.acs-ami.com<\/a>\u00a0\u00a0<\/p>\n","protected":false},"excerpt":{"rendered":"<p>Qui sommes nous\u00a0 ? ACS est le partenaire de tous ceux qui se d\u00e9placent \u00e0 travers le monde ! Sp\u00e9cialiste de la mobilit\u00e9 internationale depuis plus de 40 ans, ACS accompagne au plus pr\u00e8s voyageurs et expatri\u00e9s aux 4 coins du monde, quel que soit le type de d\u00e9placement. Nous proposons des solutions d\u2019assurance sant\u00e9 [&hellip;]<\/p>\n","protected":false},"author":3,"featured_media":0,"parent":0,"menu_order":0,"comment_status":"closed","ping_status":"open","template":"","meta":{"_genesis_hide_title":false,"_genesis_hide_breadcrumbs":false,"_genesis_hide_singular_image":false,"_genesis_hide_footer_widgets":false,"_genesis_custom_body_class":"","_genesis_custom_post_class":"","_genesis_layout":"","footnotes":""},"class_list":{"0":"post-2","1":"page","2":"type-page","3":"status-publish","5":"entry","6":"has-post-thumbnail"},"yoast_head":"<!-- This site is optimized with the Yoast SEO Premium plugin v26.3 (Yoast SEO v26.3) - https:\/\/yoast.com\/wordpress\/plugins\/seo\/ -->\n<title>A propos d&#039;ACS<\/title>\n<meta name=\"robots\" content=\"noindex, follow\" \/>\n<meta property=\"og:locale\" content=\"fr_FR\" \/>\n<meta property=\"og:type\" content=\"article\" \/>\n<meta property=\"og:title\" content=\"ACS\u00a0: sp\u00e9cialiste de l&#039;assurance voyage &amp; expatriation\" \/>\n<meta property=\"og:description\" content=\"Qui sommes nous\u00a0 ? ACS est le partenaire de tous ceux qui se d\u00e9placent \u00e0 travers le monde ! Sp\u00e9cialiste de la mobilit\u00e9 internationale depuis plus de 40 ans, ACS accompagne au plus pr\u00e8s voyageurs et expatri\u00e9s aux 4 coins du monde, quel que soit le type de d\u00e9placement. Nous proposons des solutions d\u2019assurance sant\u00e9 [&hellip;]\" \/>\n<meta property=\"og:url\" content=\"https:\/\/www.acs-ami.com\/fr\/blog\/a-propos\/\" \/>\n<meta property=\"og:site_name\" content=\"ACS - Conseils pour voyageurs et expatri\u00e9s\" \/>\n<meta property=\"article:publisher\" content=\"https:\/\/www.facebook.com\/acs.assurances\" \/>\n<meta property=\"article:modified_time\" content=\"2020-10-23T15:20:23+00:00\" \/>\n<meta property=\"og:image\" content=\"https:\/\/www.acs-ami.com\/fr\/blog\/wp-content\/uploads\/2020\/10\/85032779_3574849732585580_6231094344938422272_o-e1603461378860.jpg\" \/>\n<meta name=\"twitter:card\" content=\"summary_large_image\" \/>\n<meta name=\"twitter:site\" content=\"@Acs_Assurances\" \/>\n<meta name=\"twitter:label1\" content=\"Dur\u00e9e de lecture estim\u00e9e\" \/>\n\t<meta name=\"twitter:data1\" content=\"4 minutes\" \/>\n<!-- \/ Yoast SEO Premium plugin. -->","yoast_head_json":{"title":"A propos d'ACS","robots":{"index":"noindex","follow":"follow"},"og_locale":"fr_FR","og_type":"article","og_title":"ACS\u00a0: sp\u00e9cialiste de l'assurance voyage & expatriation","og_description":"Qui sommes nous\u00a0 ? ACS est le partenaire de tous ceux qui se d\u00e9placent \u00e0 travers le monde ! Sp\u00e9cialiste de la mobilit\u00e9 internationale depuis plus de 40 ans, ACS accompagne au plus pr\u00e8s voyageurs et expatri\u00e9s aux 4 coins du monde, quel que soit le type de d\u00e9placement. Nous proposons des solutions d\u2019assurance sant\u00e9 [&hellip;]","og_url":"https:\/\/www.acs-ami.com\/fr\/blog\/a-propos\/","og_site_name":"ACS - Conseils pour voyageurs et expatri\u00e9s","article_publisher":"https:\/\/www.facebook.com\/acs.assurances","article_modified_time":"2020-10-23T15:20:23+00:00","og_image":[{"url":"https:\/\/www.acs-ami.com\/fr\/blog\/wp-content\/uploads\/2020\/10\/85032779_3574849732585580_6231094344938422272_o-e1603461378860.jpg","type":"","width":"","height":""}],"twitter_card":"summary_large_image","twitter_site":"@Acs_Assurances","twitter_misc":{"Dur\u00e9e de lecture estim\u00e9e":"4 minutes"},"schema":{"@context":"https:\/\/schema.org","@graph":[{"@type":"WebPage","@id":"https:\/\/www.acs-ami.com\/fr\/blog\/a-propos\/","url":"https:\/\/www.acs-ami.com\/fr\/blog\/a-propos\/","name":"A propos d'ACS","isPartOf":{"@id":"https:\/\/www.acs-ami.com\/fr\/blog\/#website"},"primaryImageOfPage":{"@id":"https:\/\/www.acs-ami.com\/fr\/blog\/a-propos\/#primaryimage"},"image":{"@id":"https:\/\/www.acs-ami.com\/fr\/blog\/a-propos\/#primaryimage"},"thumbnailUrl":"https:\/\/www.acs-ami.com\/fr\/blog\/wp-content\/uploads\/2020\/10\/85032779_3574849732585580_6231094344938422272_o-e1603461378860.jpg","datePublished":"2011-04-28T09:28:12+00:00","dateModified":"2020-10-23T15:20:23+00:00","breadcrumb":{"@id":"https:\/\/www.acs-ami.com\/fr\/blog\/a-propos\/#breadcrumb"},"inLanguage":"fr-FR","potentialAction":[{"@type":"ReadAction","target":["https:\/\/www.acs-ami.com\/fr\/blog\/a-propos\/"]}]},{"@type":"ImageObject","inLanguage":"fr-FR","@id":"https:\/\/www.acs-ami.com\/fr\/blog\/a-propos\/#primaryimage","url":"https:\/\/www.acs-ami.com\/fr\/blog\/wp-content\/uploads\/2020\/10\/85032779_3574849732585580_6231094344938422272_o-e1603461378860.jpg","contentUrl":"https:\/\/www.acs-ami.com\/fr\/blog\/wp-content\/uploads\/2020\/10\/85032779_3574849732585580_6231094344938422272_o-e1603461378860.jpg","width":800,"height":296},{"@type":"BreadcrumbList","@id":"https:\/\/www.acs-ami.com\/fr\/blog\/a-propos\/#breadcrumb","itemListElement":[{"@type":"ListItem","position":1,"name":"Blog ACS","item":"https:\/\/www.acs-ami.com\/fr\/blog\/"},{"@type":"ListItem","position":2,"name":"ACS\u00a0: sp\u00e9cialiste de l&rsquo;assurance voyage &#038; expatriation"}]},{"@type":"WebSite","@id":"https:\/\/www.acs-ami.com\/fr\/blog\/#website","url":"https:\/\/www.acs-ami.com\/fr\/blog\/","name":"ACS - Conseils pour voyageurs et expatri\u00e9s","description":"Conseils pour voyageurs et expatri\u00e9s","publisher":{"@id":"https:\/\/www.acs-ami.com\/fr\/blog\/#organization"},"potentialAction":[{"@type":"SearchAction","target":{"@type":"EntryPoint","urlTemplate":"https:\/\/www.acs-ami.com\/fr\/blog\/?s={search_term_string}"},"query-input":{"@type":"PropertyValueSpecification","valueRequired":true,"valueName":"search_term_string"}}],"inLanguage":"fr-FR"},{"@type":"Organization","@id":"https:\/\/www.acs-ami.com\/fr\/blog\/#organization","name":"ACS","url":"https:\/\/www.acs-ami.com\/fr\/blog\/","logo":{"@type":"ImageObject","inLanguage":"fr-FR","@id":"https:\/\/www.acs-ami.com\/fr\/blog\/#\/schema\/logo\/image\/","url":"https:\/\/www.acs-ami.com\/fr\/blog\/wp-content\/uploads\/2020\/05\/logo-acs-schema.png","contentUrl":"https:\/\/www.acs-ami.com\/fr\/blog\/wp-content\/uploads\/2020\/05\/logo-acs-schema.png","width":2997,"height":1023,"caption":"ACS"},"image":{"@id":"https:\/\/www.acs-ami.com\/fr\/blog\/#\/schema\/logo\/image\/"},"sameAs":["https:\/\/www.facebook.com\/acs.assurances","https:\/\/x.com\/Acs_Assurances","https:\/\/www.instagram.com\/acsassurances\/"]}]}},"_links":{"self":[{"href":"https:\/\/www.acs-ami.com\/fr\/blog\/wp-json\/wp\/v2\/pages\/2","targetHints":{"allow":["GET"]}}],"collection":[{"href":"https:\/\/www.acs-ami.com\/fr\/blog\/wp-json\/wp\/v2\/pages"}],"about":[{"href":"https:\/\/www.acs-ami.com\/fr\/blog\/wp-json\/wp\/v2\/types\/page"}],"author":[{"embeddable":true,"href":"https:\/\/www.acs-ami.com\/fr\/blog\/wp-json\/wp\/v2\/users\/3"}],"replies":[{"embeddable":true,"href":"https:\/\/www.acs-ami.com\/fr\/blog\/wp-json\/wp\/v2\/comments?post=2"}],"version-history":[{"count":11,"href":"https:\/\/www.acs-ami.com\/fr\/blog\/wp-json\/wp\/v2\/pages\/2\/revisions"}],"predecessor-version":[{"id":8965,"href":"https:\/\/www.acs-ami.com\/fr\/blog\/wp-json\/wp\/v2\/pages\/2\/revisions\/8965"}],"wp:attachment":[{"href":"https:\/\/www.acs-ami.com\/fr\/blog\/wp-json\/wp\/v2\/media?parent=2"}],"curies":[{"name":"wp","href":"https:\/\/api.w.org\/{rel}","templated":true}]}}